{"id":14,"date":"2023-08-19T19:48:03","date_gmt":"2023-08-19T17:48:03","guid":{"rendered":"https:\/\/michaelraimon.com\/?page_id=14"},"modified":"2023-08-20T08:18:10","modified_gmt":"2023-08-20T06:18:10","slug":"henoch-la-voie-de-la-sagesse","status":"publish","type":"page","link":"https:\/\/michaelraimon.com\/?page_id=14","title":{"rendered":"H\u00e9noch, La voie de la sagesse"},"content":{"rendered":"\n<p>H\u00e9noch, ma\u00eetre d&rsquo;arts martiaux, enseigne bien plus que le karat\u00e9 \u00e0 ses \u00e9l\u00e8ves : au fil des entrainements, il d\u00e9livre une puissante le\u00e7on de sagesse, puisant dans les enseignements les plus anciens et les plus vari\u00e9s pour faire avancer Emric, un pratiquant de son dojo, sur son chemin de vie. Loin des affirmations convenues, il d\u00e9nonce la sagesse fantasm\u00e9e, \u00e9tat inatteignable, au profit d&rsquo;une sagesse pratique, con\u00e7ue comme un combat quotidien contre les d\u00e9s\u00e9quilibres et agressions du quotidien : la \u00ab\u00a0pugnasophie\u00a0\u00bb, par opposition \u00e0 la philosophie.<\/p>\n\n\n\n<p>Au d\u00e9tour des entrainements dans le dojo, d\u2019une blessure, d\u2019une bagarre, de la vie en g\u00e9n\u00e9ral, le personnage va ainsi progresser \u00e0 la fois dans sa pratique des arts martiaux et sur la voie de la sagesse. Un r\u00e9cit inspir\u00e9 de la vie d&rsquo;un dojo parisien, o\u00f9 chaque entrainement est pr\u00e9texte \u00e0 invoquer non seulement les ma\u00eetres d\u2019Okinawa, mais aussi tour \u00e0 tour Sun Tzu et Saint-Exup\u00e9ry, Nietzsche et la Harvard Business School, les n\u00e9oplatoniciens de Florence et Teilhard de Chardin, la synchronicit\u00e9 de Jung et Pauli et l&rsquo;art de la m\u00e9moire, et bien d&rsquo;autres sources de sagesse&#8230;<\/p>\n\n\n\n<p>A mi-chemin entre le r\u00e9cit initiatique et le roman feel good , H\u00e9noch s\u00e9duira les pratiquants d\u2019arts martiaux et les chercheurs de v\u00e9rit\u00e9, de lumi\u00e8re et de sagesse.<\/p>\n\n\n\n<p>Publication : septembre 2023<\/p>\n\n\n\n<p>Pour commander le livre sur Amazon (format broch\u00e9 ou kindle), voici le lien : <a href=\"https:\/\/www.amazon.fr\/Henoch-voie-sagesse-Michael-Raimon-ebook\/dp\/B0CFGBRS73\/ref=sr_1_2?qid=1692467427&amp;refinements=p_27%3AMichael+Raimon&amp;s=books&amp;sr=1-2\" data-type=\"link\" data-id=\"https:\/\/www.amazon.fr\/Henoch-voie-sagesse-Michael-Raimon-ebook\/dp\/B0CFGBRS73\/ref=sr_1_2?qid=1692467427&amp;refinements=p_27%3AMichael+Raimon&amp;s=books&amp;sr=1-2\">commande<\/a>.<\/p>\n\n\n","protected":false},"excerpt":{"rendered":"<p>H\u00e9noch, ma\u00eetre d&rsquo;arts martiaux, enseigne bien plus que le karat\u00e9 \u00e0 ses \u00e9l\u00e8ves : au fil des entrainements, il d\u00e9livre une puissante le\u00e7on de sagesse, puisant dans les enseignements les plus anciens et les plus vari\u00e9s pour faire avancer Emric, &hellip; <a href=\"https:\/\/michaelraimon.com\/?page_id=14\">Continuer la lecture <span class=\"meta-nav\">&rarr;<\/span><\/a><\/p>\n","protected":false},"author":1,"featured_media":0,"parent":0,"menu_order":0,"comment_status":"closed","ping_status":"closed","template":"","meta":{"footnotes":""},"class_list":["post-14","page","type-page","status-publish","hentry"],"_links":{"self":[{"href":"https:\/\/michaelraimon.com\/index.php?rest_route=\/wp\/v2\/pages\/14","targetHints":{"allow":["GET"]}}],"collection":[{"href":"https:\/\/michaelraimon.com\/index.php?rest_route=\/wp\/v2\/pages"}],"about":[{"href":"https:\/\/michaelraimon.com\/index.php?rest_route=\/wp\/v2\/types\/page"}],"author":[{"embeddable":true,"href":"https:\/\/michaelraimon.com\/index.php?rest_route=\/wp\/v2\/users\/1"}],"replies":[{"embeddable":true,"href":"https:\/\/michaelraimon.com\/index.php?rest_route=%2Fwp%2Fv2%2Fcomments&post=14"}],"version-history":[{"count":3,"href":"https:\/\/michaelraimon.com\/index.php?rest_route=\/wp\/v2\/pages\/14\/revisions"}],"predecessor-version":[{"id":30,"href":"https:\/\/michaelraimon.com\/index.php?rest_route=\/wp\/v2\/pages\/14\/revisions\/30"}],"wp:attachment":[{"href":"https:\/\/michaelraimon.com\/index.php?rest_route=%2Fwp%2Fv2%2Fmedia&parent=14"}],"curies":[{"name":"wp","href":"https:\/\/api.w.org\/{rel}","templated":true}]}}