{"id":16,"date":"2023-08-19T19:48:56","date_gmt":"2023-08-19T17:48:56","guid":{"rendered":"https:\/\/michaelraimon.com\/?page_id=16"},"modified":"2023-08-20T08:17:25","modified_gmt":"2023-08-20T06:17:25","slug":"la-cle-des-consciences","status":"publish","type":"page","link":"https:\/\/michaelraimon.com\/?page_id=16","title":{"rendered":"La cl\u00e9 des consciences"},"content":{"rendered":"\n<p>Jean Racain, jeune chercheur \u00e0 la Sorbonne poursuivant l\u2019\u0153uvre de ses parents, fait une d\u00e9couverte r\u00e9volutionnaire : au-del\u00e0 du champ magn\u00e9tique \u00e9mis par chaque homme et femme, une onde de groupe peut \u00eatre d\u00e9cel\u00e9e lorsqu\u2019un groupe d\u2019individus partage une m\u00eame \u00e9motion. Ce n\u2019est cependant que le point de d\u00e9part de recherches et r\u00e9alisations bien plus ambitieuses, susceptibles de changer le cours de l\u2019histoire et le destin de l\u2019humanit\u00e9.<\/p>\n\n\n\n<p>Face \u00e0 de tels enjeux qui ne peuvent pas laisser insensibles les forces qui gouvernent ou influencent le monde, de fa\u00e7on officielle ou obscure, et plong\u00e9 dans un univers qu&rsquo;il ne soup\u00e7onnait pas, Jean devra d\u00e9couvrir qui sont ses r\u00e9els amis ou ennemis.<\/p>\n\n\n\n<p>Publication : fin 2023<\/p>\n","protected":false},"excerpt":{"rendered":"<p>Jean Racain, jeune chercheur \u00e0 la Sorbonne poursuivant l\u2019\u0153uvre de ses parents, fait une d\u00e9couverte r\u00e9volutionnaire : au-del\u00e0 du champ magn\u00e9tique \u00e9mis par chaque homme et femme, une onde de groupe peut \u00eatre d\u00e9cel\u00e9e lorsqu\u2019un groupe d\u2019individus partage une m\u00eame &hellip; <a href=\"https:\/\/michaelraimon.com\/?page_id=16\">Continuer la lecture <span class=\"meta-nav\">&rarr;<\/span><\/a><\/p>\n","protected":false},"author":1,"featured_media":0,"parent":0,"menu_order":0,"comment_status":"closed","ping_status":"closed","template":"","meta":{"footnotes":""},"class_list":["post-16","page","type-page","status-publish","hentry"],"_links":{"self":[{"href":"https:\/\/michaelraimon.com\/index.php?rest_route=\/wp\/v2\/pages\/16","targetHints":{"allow":["GET"]}}],"collection":[{"href":"https:\/\/michaelraimon.com\/index.php?rest_route=\/wp\/v2\/pages"}],"about":[{"href":"https:\/\/michaelraimon.com\/index.php?rest_route=\/wp\/v2\/types\/page"}],"author":[{"embeddable":true,"href":"https:\/\/michaelraimon.com\/index.php?rest_route=\/wp\/v2\/users\/1"}],"replies":[{"embeddable":true,"href":"https:\/\/michaelraimon.com\/index.php?rest_route=%2Fwp%2Fv2%2Fcomments&post=16"}],"version-history":[{"count":2,"href":"https:\/\/michaelraimon.com\/index.php?rest_route=\/wp\/v2\/pages\/16\/revisions"}],"predecessor-version":[{"id":28,"href":"https:\/\/michaelraimon.com\/index.php?rest_route=\/wp\/v2\/pages\/16\/revisions\/28"}],"wp:attachment":[{"href":"https:\/\/michaelraimon.com\/index.php?rest_route=%2Fwp%2Fv2%2Fmedia&parent=16"}],"curies":[{"name":"wp","href":"https:\/\/api.w.org\/{rel}","templated":true}]}}